{"id":43,"date":"2015-05-13T23:29:14","date_gmt":"2015-05-13T21:29:14","guid":{"rendered":"http:\/\/eric-monot.net\/?page_id=43"},"modified":"2024-05-07T21:19:24","modified_gmt":"2024-05-07T19:19:24","slug":"what-people-say","status":"publish","type":"page","link":"https:\/\/eric-monot.net\/it\/what-people-say","title":{"rendered":""},"content":{"rendered":"<p><em><strong>\u00abCome musicista, mi sono sentita con te in buonissime mani. Sei stato un componente importante per il nostro lavoro in questa istituzione.\u00bb<\/strong><\/em><\/p>\n<p style=\"text-align: right;\">Maria Gvozdetskaya, Prima parte dei violini secondi, Orchestra filarmonica di Pomerania Anteriore, 2023<\/p>\n<p><em><strong>\u00abSei la cosa migliore che ci sia successa in quarant&#8217;anni.\u00bb<\/strong><\/em><\/p>\n<p style=\"text-align: right;\">Christin Petersohn, Seconda parte delle viole, Orchestra filarmonica di Pomerania Anteriore, 2022<\/p>\n<p><em><strong>\u00abSei una benedizione per quest&#8217;orchestra.\u00bb<\/strong><\/em><\/p>\n<p style=\"text-align: right;\">Alexander Mayer,\u00a0<span lang=\"NL\">1\u00b0<\/span>\u00a0maestro di capella e Dir. musicale aggiunto,\u00a0Theater Vorpommern, 2021<\/p>\n<p><em><strong>\u00abVorrei ringraziarla per il suo modo di communicare. Apprezzo particolarmente la trasparenza e la collegialit\u00e0.\u00bb<\/strong><\/em><\/p>\n<p style=\"text-align: right;\">Alexandra Kalka, Communicazione &amp; Coordinazione educazione, Bergische Symphoniker, 2019<\/p>\n<p><em><strong>\u00abSei una risorsa preziosa per l&#8217;orchestra.\u00bb<\/strong><\/em><\/p>\n<p style=\"text-align: right;\">Ariane Matiakh, Direttrice d&#8217;orchestra,\u00a0Orchestra di Stato di Magonza, 2018<\/p>\n<p><em><strong>\u00abNon ai idea di cosa hai fatto per noi: hai fissato una nuova norma di collaborazione nella nostra ditta.\u00bb<\/strong><\/em><\/p>\n<p style=\"text-align: right;\">Filip Stuer, Direttore\u00a0communicazione e marketing, Orchestra Sinfonica d\u2019Anversa, 2017<\/p>\n<h4><em>\u00ab<\/em><em>Hai svolto il tuo ruolo con slancio.<\/em><em>\u00bb<\/em><\/h4>\n<p style=\"text-align: right;\">Frank Lefers, Direttore d\u2019orchestra, Orchestra del G\u00fcrzenich di Colonia, 2017<\/p>\n<h4><em>\u00abRaramente ho visto qualcuno fare il suo lavoro cosi professionalmente come te.\u00bb<\/em><\/h4>\n<p style=\"text-align: right;\">Peter M\u00f6nkediek, Tromba prima parte, Orchestra Sinfonica della Radiotelevisione di Colonia, 2016<\/p>\n<h4><em>\u00abGrazie per la tua efficienza, calma, per pensare a tutto e ogni cosa a suo tempo, per la tua gentilezza.\u00bb<\/em><\/h4>\n<p style=\"text-align: right;\">Fr\u00e9d\u00e9rique Chauvet, Direttore artistico, BarokOpera, 2015<\/p>\n<h4><em>\u00abSenza di te non ce l&#8217;avremmo\u00a0mai fatta.\u00bb<\/em><\/h4>\n<p style=\"text-align: right;\">Michael Klier, Coordinatore educazione, Orchestra Reale del Concertgebouw, 2015<\/p>\n<h4 style=\"text-align: justify;\"><em>\u00abHo osservato \u00c9ric con ammirazione. Lui ha messo in ordine le diverse idee e le istruzioni che a volte venivano modificate. Si \u00e8 tenuto pronto ed \u00e8 rimasto attento ad ogni nuova prova. Nessuna confusione inutile.\u00bb<\/em><\/h4>\n<p style=\"text-align: right;\">Ingeborg de Boois, Coro, Opera di Haarlem, 2014<\/p>\n<h4><em>\u00abAmmiro la serenit\u00e0 che irradi e l&#8217;accuratezza che dimostri.\u00bb<\/em><\/h4>\n<p style=\"text-align: right;\">D\u00e9siree Verlaan, Mezzosoprano, Cappella Amsterdam, 2014<\/p>\n<h4 style=\"text-align: justify;\"><em>\u00abGrazie infinite per la minuziosa preparazione e per la mole di lavoro che ci hai fornito. Senza di te, questo progetto sarebbe\u00a0andato in fumo!\u00bb<\/em><\/h4>\n<p style=\"text-align: right;\">Lonneke Regter, Direttore, I concorsi violinistici neerlandesi, 2013<\/p>\n<h4 style=\"text-align: justify;\"><em>\u00abHo imparato a conoscere \u00c9ric per le sue qualit\u00e0 organizzative e la sua energia tese a risolvere ogni problema; qualit\u00e0 utili per lo svolgimento del suo ruolo per il quale sono necessarie doti di servizio e di autonomia. E poi, \u00c9ric \u00e8 un collega con il quale si lavora piacevolmente.\u00bb<\/em><\/h4>\n<p style=\"text-align: right;\">Ren\u00e9 Meulenberg, Direttore di produzione, Coro della radiodiffusione neerlandese, 2011<\/p>\n<p><\/p>","protected":false},"excerpt":{"rendered":"<p>\u00abCome musicista, mi sono sentita con te in buonissime mani. Sei stato un componente importante per il nostro lavoro in questa istituzione.\u00bb Maria Gvozdetskaya, Prima parte dei violini secondi, Orchestra filarmonica di Pomerania Anteriore, 2023 \u00abSei la cosa migliore che ci sia successa in quarant&#8217;anni.\u00bb Christin Petersohn, Seconda parte delle viole, Orchestra filarmonica di Pomerania [&hellip;]<\/p>\n","protected":false},"author":1,"featured_media":0,"parent":0,"menu_order":4,"comment_status":"closed","ping_status":"closed","template":"","meta":{"sfsi_plus_gutenberg_text_before_share":"","sfsi_plus_gutenberg_show_text_before_share":"","sfsi_plus_gutenberg_icon_type":"","sfsi_plus_gutenberg_icon_alignemt":"","sfsi_plus_gutenburg_max_per_row":"","footnotes":""},"class_list":["post-43","page","type-page","status-publish","hentry"],"_links":{"self":[{"href":"https:\/\/eric-monot.net\/it\/wp-json\/wp\/v2\/pages\/43","targetHints":{"allow":["GET"]}}],"collection":[{"href":"https:\/\/eric-monot.net\/it\/wp-json\/wp\/v2\/pages"}],"about":[{"href":"https:\/\/eric-monot.net\/it\/wp-json\/wp\/v2\/types\/page"}],"author":[{"embeddable":true,"href":"https:\/\/eric-monot.net\/it\/wp-json\/wp\/v2\/users\/1"}],"replies":[{"embeddable":true,"href":"https:\/\/eric-monot.net\/it\/wp-json\/wp\/v2\/comments?post=43"}],"version-history":[{"count":208,"href":"https:\/\/eric-monot.net\/it\/wp-json\/wp\/v2\/pages\/43\/revisions"}],"predecessor-version":[{"id":3360,"href":"https:\/\/eric-monot.net\/it\/wp-json\/wp\/v2\/pages\/43\/revisions\/3360"}],"wp:attachment":[{"href":"https:\/\/eric-monot.net\/it\/wp-json\/wp\/v2\/media?parent=43"}],"curies":[{"name":"wp","href":"https:\/\/api.w.org\/{rel}","templated":true}]}}