{"id":43,"date":"2015-05-13T23:29:14","date_gmt":"2015-05-13T21:29:14","guid":{"rendered":"http:\/\/eric-monot.net\/?page_id=43"},"modified":"2024-05-07T21:19:24","modified_gmt":"2024-05-07T19:19:24","slug":"what-people-say","status":"publish","type":"page","link":"https:\/\/eric-monot.net\/fr\/what-people-say","title":{"rendered":""},"content":{"rendered":"<p><em><strong>\u00ab En tant que musicienne, je me suis sentie en de tr\u00e8s bonnes mains avec toi. Tu as \u00e9t\u00e9 un \u00e9l\u00e9ment important pour notre travail dans cette maison. \u00bb<\/strong><\/em><\/p>\n<p style=\"text-align: right;\">Second chef d&rsquo;attaque des seconds violons, Orchestre Philharmonique de Pom\u00e9ranie occidentale, 2023<\/p>\n<p><em><strong>\u00ab Tu es la meilleure chose qui nous soit arriv\u00e9e depuis quarante ans.\u00a0\u00bb<\/strong><\/em><\/p>\n<p style=\"text-align: right;\">Christin Petersohn, Troisi\u00e8me solo des altos, Orchestre Philharmonique de Pom\u00e9ranie occidentale, 2022<\/p>\n<p><em><strong>\u00ab\u00a0Tu es une b\u00e9n\u00e9diction pour cet orchestre.\u00a0\u00bb<\/strong><\/em><\/p>\n<p style=\"text-align: right;\">Alexander Mayer,\u00a0<span lang=\"NL\">1<sup>er\u00a0<\/sup><\/span>Ma\u00eetre de Chapelle &amp; Dir. Musical Adjoint,\u00a0Theater Vorpommern, 2021<\/p>\n<p><em><strong>\u00ab J&rsquo;aimerais exprimer mes remerciements pour votre fa\u00e7on de communiquer. J&rsquo;appr\u00e9cie tr\u00e8s particuli\u00e8rement la transparence et la loyaut\u00e9. \u00bb<\/strong><\/em><\/p>\n<p style=\"text-align: right;\">Alexandra Kalka, Communication &amp; Coordinatrice \u00c9ducation, Bergische Symphoniker, 2019<\/p>\n<p><em><strong>\u00ab\u00a0Tu es un atout pour l&rsquo;orchestre.\u00a0\u00bb<\/strong><\/em><\/p>\n<p style=\"text-align: right;\">Ariane Matiakh, Chef d&rsquo;Orchestre,\u00a0Orchestre Philharmonique d&rsquo;\u00c9tat de Mayence, 2018<\/p>\n<p><em><strong>\u00ab\u00a0Tu n&rsquo;as pas id\u00e9e de ce que tu as fait pour nous: tu as instaur\u00e9 une nouvelle norme de collaboration dans notre entreprise.\u00a0\u00bb<\/strong><\/em><\/p>\n<p style=\"text-align: right;\">Filip Stuer, Directeur Communication et Marketing, Orchestre Symphonique d\u2019Anvers, 2017<\/p>\n<h4><em>\u00ab <\/em><em>Tu as rempli ton r\u00f4le avec panache.\u00a0<\/em><em style=\"font-size: 1rem;\">\u00bb<\/em><\/h4>\n<p style=\"text-align: right;\">Frank Lefers, R\u00e9gisseur G\u00e9n\u00e9ral, Orchestre du G\u00fcrzenich de Cologne, 2017<\/p>\n<h4><em>\u00ab Rarement ai-je vu quelqu&rsquo;un faire son travail avec autant de professionnalisme que toi. \u00bb<\/em><\/h4>\n<p style=\"text-align: right;\">Peter M\u00f6nkediek, Trompette solo, Orchestre Symphonique de la Radio de Cologne, 2016<\/p>\n<h4 style=\"text-align: justify;\"><em>\u00ab Quelle fructueuse rencontre ! Merci de ton efficacit\u00e9, ton calme, de penser \u00e0 tout et chaque chose en son temps, de ta gentillesse. \u00bb<\/em><\/h4>\n<p style=\"text-align: right;\">Fr\u00e9d\u00e9rique Chauvet, Directrice Artistique, BarokOpera, 2015<\/p>\n<h4><em>\u00ab On ne s&rsquo;en serait jamais sorti sans toi. \u00bb<\/em><\/h4>\n<p style=\"text-align: right;\">Michael Klier, Charg\u00e9\u00a0du\u00a0D\u00e9veloppement Culturel, Orchestre Royal du Concertgebouw, 2015<\/p>\n<h4 style=\"text-align: justify;\"><em>\u00ab J&rsquo;ai observ\u00e9 \u00c9ric avec admiration. Il a mis en ordre les nombreuses id\u00e9es et les instructions parfois changeantes. \u00c0 chaque nouvelle r\u00e9p\u00e9tition, il se tenait pr\u00eat et se montrait attentif. Pas d&rsquo;agitation superflue. \u00bb<\/em><\/h4>\n<p style=\"text-align: right;\">Ingeborg de Boois, Choriste, Op\u00e9ra d&rsquo;Haarlem, 2014<\/p>\n<h4><em>\u00ab J&rsquo;admire le calme que tu d\u00e9gages et la pr\u00e9cision dont tu fais preuve. \u00bb<\/em><\/h4>\n<p style=\"text-align: right;\">D\u00e9siree Verlaan, Mezzo-soprano, Cappella Amsterdam, 2014<\/p>\n<h4><em>\u00ab Merci infiniment pour les minutieuses pr\u00e9parations et la somme de travail que tu as fournie. Sans toi, ce projet serait tomb\u00e9 \u00e0 l&rsquo;eau! \u00bb<\/em><\/h4>\n<p style=\"text-align: right;\">Lonneke Regter, Directrice, Les Concours de Violon N\u00e9erlandais, 2013<\/p>\n<h4 style=\"text-align: justify;\"><em>\u00ab J&rsquo;ai appris \u00e0 conna\u00eetre \u00c9ric comme quelqu&rsquo;un d&rsquo;\u00e9nergique qui pense en termes de solutions, des qualit\u00e9s utiles dans son r\u00f4le o\u00f9 s&rsquo;allient service et autonomie. De plus, \u00c9ric est un coll\u00e8gue avec qui il est agr\u00e9able de travailler. \u00bb<\/em><\/h4>\n<p style=\"text-align: right;\">Ren\u00e9 Meulenberg, Responsable de Production, Ch\u0153ur de la Radiodiffusion N\u00e9erlandaise, 2011<\/p>\n<p><\/p>","protected":false},"excerpt":{"rendered":"<p>\u00ab En tant que musicienne, je me suis sentie en de tr\u00e8s bonnes mains avec toi. Tu as \u00e9t\u00e9 un \u00e9l\u00e9ment important pour notre travail dans cette maison. \u00bb Second chef d&rsquo;attaque des seconds violons, Orchestre Philharmonique de Pom\u00e9ranie occidentale, 2023 \u00ab Tu es la meilleure chose qui nous soit arriv\u00e9e depuis quarante ans.\u00a0\u00bb Christin [&hellip;]<\/p>\n","protected":false},"author":1,"featured_media":0,"parent":0,"menu_order":4,"comment_status":"closed","ping_status":"closed","template":"","meta":{"sfsi_plus_gutenberg_text_before_share":"","sfsi_plus_gutenberg_show_text_before_share":"","sfsi_plus_gutenberg_icon_type":"","sfsi_plus_gutenberg_icon_alignemt":"","sfsi_plus_gutenburg_max_per_row":"","footnotes":""},"class_list":["post-43","page","type-page","status-publish","hentry"],"_links":{"self":[{"href":"https:\/\/eric-monot.net\/fr\/wp-json\/wp\/v2\/pages\/43","targetHints":{"allow":["GET"]}}],"collection":[{"href":"https:\/\/eric-monot.net\/fr\/wp-json\/wp\/v2\/pages"}],"about":[{"href":"https:\/\/eric-monot.net\/fr\/wp-json\/wp\/v2\/types\/page"}],"author":[{"embeddable":true,"href":"https:\/\/eric-monot.net\/fr\/wp-json\/wp\/v2\/users\/1"}],"replies":[{"embeddable":true,"href":"https:\/\/eric-monot.net\/fr\/wp-json\/wp\/v2\/comments?post=43"}],"version-history":[{"count":208,"href":"https:\/\/eric-monot.net\/fr\/wp-json\/wp\/v2\/pages\/43\/revisions"}],"predecessor-version":[{"id":3360,"href":"https:\/\/eric-monot.net\/fr\/wp-json\/wp\/v2\/pages\/43\/revisions\/3360"}],"wp:attachment":[{"href":"https:\/\/eric-monot.net\/fr\/wp-json\/wp\/v2\/media?parent=43"}],"curies":[{"name":"wp","href":"https:\/\/api.w.org\/{rel}","templated":true}]}}