{"id":43,"date":"2015-05-13T23:29:14","date_gmt":"2015-05-13T21:29:14","guid":{"rendered":"http:\/\/eric-monot.net\/?page_id=43"},"modified":"2024-05-07T21:19:24","modified_gmt":"2024-05-07T19:19:24","slug":"what-people-say","status":"publish","type":"page","link":"https:\/\/eric-monot.net\/de\/what-people-say","title":{"rendered":""},"content":{"rendered":"<p><em><strong>\u201eAls Musikerin habe ich mich bei Dir sehr gut aufgehoben gef\u00fchlt. Du warst ein wichtiger Baustein f\u00fcr unsere Arbeit an diesem Haus.\u201d<\/strong><\/em><\/p>\n<p style=\"text-align: right;\">Maria Gvozdetskaya, stv. Stimmf\u00fchrerin der 2. Violinen, Philharmonisches Orchester Vorpommern, 2023<\/p>\n<p><em><strong>\u201eDu bist das beste, was uns seit vierzig Jahren passiert ist.\u201d<\/strong><\/em><\/p>\n<p style=\"text-align: right;\">Christin Petersohn, Vorspielerin der Violen, Philharmonisches Orchester Vorpommern, 2022<\/p>\n<p><em><strong>\u201eDu bist ein Segen f\u00fcr dieses Orchester.\u201d<\/strong><\/em><\/p>\n<p style=\"text-align: right;\">Alexander Mayer, 1. Kapellmeister &amp; stv. Generalmusikdirektor,\u00a0Theater Vorpommern, 2021<\/p>\n<p><em><strong>\u201eIch m\u00f6chte mich bedanken f\u00fcr Ihre Art zu kommunizieren. Ich sch\u00e4tze Transparenz und Kollegialit\u00e4t au\u00dferordentlich.&#8220;<\/strong><\/em><\/p>\n<p style=\"text-align: right;\">Alexandra Kalka, Kommunikation &amp; Koordinatorin Education, Bergische Symphoniker, 2019<\/p>\n<p><em><strong>\u201eDu bist ein Gewinn f\u00fcr das Orchester.\u201d<\/strong><\/em><\/p>\n<p style=\"text-align: right;\">Ariane Matiakh, Dirigentin,\u00a0Philharmonisches Staatsorchester Mainz, 2018<\/p>\n<p><em><strong>\u201eDu hast keine Ahnung, was du f\u00fcr uns gemacht hast: Du hast im Betrieb einen neuen Ma\u00dfstab der Zusammenarbeit gesetzt.\u201d<\/strong><\/em><\/p>\n<p style=\"text-align: right;\">Filip Stuer, Kommunikation und Marketing Direktor, Sinfonieorchester Antwerpen, 2017<\/p>\n<h4><em>\u201eDu hast deine Rolle mit Stil erf\u00fcllt.<\/em><em>\u201c<\/em><\/h4>\n<p style=\"text-align: right;\">Frank Lefers, Orchester Manager, G\u00fcrzenich-Orchester K\u00f6ln, 2017<\/p>\n<h4><em>\u201eKaum habe ich jemand gesehen, der so professionell wie Du seine Arbeit macht.\u201c<\/em><\/h4>\n<p style=\"text-align: right;\">Peter M\u00f6nkediek, Solo Trompete, WDR Sinfonieorchester, 2016<\/p>\n<h4 style=\"text-align: justify;\"><em>\u201eWas f\u00fcr eine fruchtbare Begegnung! Danke f\u00fcr deine Leistungskraft, dass Du an alles denkt und jedes Ding zu seiner Zeit, f\u00fcr deine Freundlichkeit.\u201c<\/em><\/h4>\n<p style=\"text-align: right;\">Fr\u00e9d\u00e9rique Chauvet, K\u00fcnstlerische\u00a0Direktorin, BarokOpera, 2015<\/p>\n<h4><em>\u201eDas h\u00e4tten wir\u00a0ohne dich nie geschafft!\u201c<\/em><\/h4>\n<p style=\"text-align: right;\">Michael Klier,\u00a0Koordinator der Musikvermittlung, K\u00f6nigliches Concertgebouw-Orchester, 2015<\/p>\n<h4 style=\"text-align: justify;\"><em>\u201eMit Bewunderung habe ich \u00c9ric bei seiner Arbeit zugesehen. Er hat die vielen verschiedenen Ideen und sich \u00e4ndernde Vereinbarungen gut geordnet. Bei jeder Probe war er bereit und aufmerksam. Kein \u00fcberfl\u00fcssiges Drumherum.\u201c<\/em><\/h4>\n<p style=\"text-align: right;\">Ingeborg de Boois, Chor, Oper Haarlem, 2014<\/p>\n<h4><em>\u201eIch bewundere die Ruhe, die du ausstrahlst und die Genauigkeit, die du gezeigt hast.\u201c<\/em><\/h4>\n<p style=\"text-align: right;\">D\u00e9siree Verlaan, Mezzosopran, Cappella Amsterdam, 2014<\/p>\n<h4><em>\u201eDanke f\u00fcr die gr\u00fcndliche Vorbereitung und die viele Arbeit. Ohne dich w\u00e4re dieses Projekt ins Wasser gefallen.\u201c<\/em><\/h4>\n<p style=\"text-align: right;\">Lonneke Regter, Direktorin, Die Niederl\u00e4ndische Violinwettbewerbe, 2013<\/p>\n<h4 style=\"text-align: justify;\"><em>\u201eIch habe \u00c9ric kennen gelernt als jemanden, der mit vollem Einsatz und l\u00f6sungsorientiert arbeitet: n\u00fctzliche Eigenschaften in seinem Beruf, wo Dienstleistung und Selbstst\u00e4ndigkeit zusammentreffen. Au\u00dferdem ist \u00c9ric ein angenehmer Kollege, mit dem man gut zusammenarbeiten kann.\u201c<\/em><\/h4>\n<p style=\"text-align: right;\">Ren\u00e9 Meulenberg, Chorinspektor, Niederl\u00e4ndischer Rundfunkchor, 2011<\/p>\n<p><\/p>","protected":false},"excerpt":{"rendered":"<p>\u201eAls Musikerin habe ich mich bei Dir sehr gut aufgehoben gef\u00fchlt. Du warst ein wichtiger Baustein f\u00fcr unsere Arbeit an diesem Haus.\u201d Maria Gvozdetskaya, stv. Stimmf\u00fchrerin der 2. Violinen, Philharmonisches Orchester Vorpommern, 2023 \u201eDu bist das beste, was uns seit vierzig Jahren passiert ist.\u201d Christin Petersohn, Vorspielerin der Violen, Philharmonisches Orchester Vorpommern, 2022 \u201eDu bist [&hellip;]<\/p>\n","protected":false},"author":1,"featured_media":0,"parent":0,"menu_order":4,"comment_status":"closed","ping_status":"closed","template":"","meta":{"sfsi_plus_gutenberg_text_before_share":"","sfsi_plus_gutenberg_show_text_before_share":"","sfsi_plus_gutenberg_icon_type":"","sfsi_plus_gutenberg_icon_alignemt":"","sfsi_plus_gutenburg_max_per_row":"","footnotes":""},"class_list":["post-43","page","type-page","status-publish","hentry"],"_links":{"self":[{"href":"https:\/\/eric-monot.net\/de\/wp-json\/wp\/v2\/pages\/43","targetHints":{"allow":["GET"]}}],"collection":[{"href":"https:\/\/eric-monot.net\/de\/wp-json\/wp\/v2\/pages"}],"about":[{"href":"https:\/\/eric-monot.net\/de\/wp-json\/wp\/v2\/types\/page"}],"author":[{"embeddable":true,"href":"https:\/\/eric-monot.net\/de\/wp-json\/wp\/v2\/users\/1"}],"replies":[{"embeddable":true,"href":"https:\/\/eric-monot.net\/de\/wp-json\/wp\/v2\/comments?post=43"}],"version-history":[{"count":208,"href":"https:\/\/eric-monot.net\/de\/wp-json\/wp\/v2\/pages\/43\/revisions"}],"predecessor-version":[{"id":3360,"href":"https:\/\/eric-monot.net\/de\/wp-json\/wp\/v2\/pages\/43\/revisions\/3360"}],"wp:attachment":[{"href":"https:\/\/eric-monot.net\/de\/wp-json\/wp\/v2\/media?parent=43"}],"curies":[{"name":"wp","href":"https:\/\/api.w.org\/{rel}","templated":true}]}}